{"id":598,"date":"2016-09-19T09:50:11","date_gmt":"2016-09-19T13:50:11","guid":{"rendered":"https:\/\/bremsenbrakes.com\/home\/?page_id=598"},"modified":"2025-05-14T14:08:04","modified_gmt":"2025-05-14T18:08:04","slug":"home-2","status":"publish","type":"page","link":"https:\/\/bremsenbrakes.com\/fr\/","title":{"rendered":"Home"},"content":{"rendered":"<div class=\"wpb-content-wrapper\"><div data-vc-full-width=\"true\" data-vc-full-width-temp=\"true\" data-vc-full-width-init=\"false\" data-vc-stretch-content=\"true\" class=\"vc_row wpb_row vc_row-fluid vc_row-no-padding\"><div class=\"wpb_column vc_column_container vc_col-sm-12\"><div class=\"vc_column-inner\"><div class=\"wpb_wrapper\"><div class=\"columns_wrap sc_columns columns_nofluid no_margins sc_columns_count_3\" data-equal-height=\".sc_column_item\"><div class=\"column-1_3 sc_column_item sc_column_item_1 odd first\" data-animation=\"animated fadeInLeft normal\"><div class=\"sc_section section_style_promo_section\" style=\"background-image:url(https:\/\/bremsenbrakes.com\/wp-content\/uploads\/2016\/09\/banner-3.jpg);background-repeat:no-repeat;background-size:cover;\"><div class=\"sc_section_inner\"><div class=\"sc_section_overlay\" style=\"\"><div class=\"sc_section_content padding_on\" style=\"\"><h3 class=\"sc_section_title sc_item_title sc_item_title_without_descr\">Plaquettes<\/h3><div class=\"sc_section_descr sc_item_descr\">Plaquettes en en c\u00e9ramique et plaquettes \u00e0 haut rendement<\/div><div class=\"sc_section_content_wrap\"><\/div><div class=\"sc_section_button sc_item_button\"><a href=\"\/fr\/brake-pads\/\" class=\"sc_button sc_button_square sc_button_style_filled sc_button_size_large\">voir plus<\/a><\/div><\/div><\/div><\/div><\/div><\/div><div class=\"column-1_3 sc_column_item sc_column_item_2 even\" data-animation=\"animated fadeInUp normal\"><div class=\"sc_section section_style_promo_section\" style=\"background-image:url(https:\/\/bremsenbrakes.com\/wp-content\/uploads\/2016\/09\/banner-2.jpg);background-repeat:no-repeat;background-size:cover;\"><div class=\"sc_section_inner\"><div class=\"sc_section_overlay\" style=\"\"><div class=\"sc_section_content padding_on\" style=\"\"><h3 class=\"sc_section_title sc_item_title sc_item_title_without_descr\">Disques<\/h3><div class=\"sc_section_descr sc_item_descr\">Disques et tambours enduits de Geomet et pr\u00eats \u00e0 installer<\/div><div class=\"sc_section_content_wrap\"><\/div><div class=\"sc_section_button sc_item_button\"><a href=\"\/fr\/discs-and-drums\/\" class=\"sc_button sc_button_square sc_button_style_filled sc_button_size_large\">voir plus<\/a><\/div><\/div><\/div><\/div><\/div><\/div><div class=\"column-1_3 sc_column_item sc_column_item_3 odd\" data-animation=\"animated fadeInRight normal\"><div class=\"sc_section section_style_promo_section\" style=\"background-image:url(https:\/\/bremsenbrakes.com\/wp-content\/uploads\/2025\/05\/banner-cal.jpg);background-repeat:no-repeat;background-size:cover;\"><div class=\"sc_section_inner\"><div class=\"sc_section_overlay\" style=\"\"><div class=\"sc_section_content padding_on\" style=\"\"><h3 class=\"sc_section_title sc_item_title sc_item_title_without_descr\">\u00c9triers neufs<\/h3><div class=\"sc_section_descr sc_item_descr\">Non reconditionn\u00e9s. Pour voitures, camions, VUS et V\u00c9<br \/><\/div><div class=\"sc_section_content_wrap\"><\/div><div class=\"sc_section_button sc_item_button\"><a href=\"\/fr\/brake-calipers\/\" class=\"sc_button sc_button_square sc_button_style_filled sc_button_size_large\">voir plus<\/a><\/div><\/div><\/div><\/div><\/div><\/div><\/div><\/div><\/div><\/div><\/div><div class=\"vc_row-full-width vc_clearfix\"><\/div><div class=\"vc_row wpb_row vc_row-fluid vc_custom_1474275685317\"><div class=\"wpb_column vc_column_container vc_col-sm-12 vc_col-has-fill\"><div class=\"vc_column-inner vc_custom_1474275433026\"><div class=\"wpb_wrapper\"><div class=\"columns_wrap sc_columns columns_nofluid no_margins sc_columns_count_12\" data-animation=\"animated fadeIn normal\"><div class=\"column-5_12 sc_column_item sc_column_item_1 odd first span_5\"><div class=\"sc_section section_style_call_section\"><div class=\"sc_section_inner\"><h6 class=\"sc_section_subtitle sc_item_subtitle\">pi\u00e8ces de freins<\/h6><h3 class=\"sc_section_title sc_item_title sc_item_title_without_descr\">Con\u00e7ues pour performer<\/h3><div class=\"sc_section_descr sc_item_descr\">Leur fiabilit\u00e9, leur s\u00e9curit\u00e9 et leur puissance sont mesur\u00e9es chaque jour sur les autoroutes europ\u00e9ennes<\/div><div class=\"sc_section_content_wrap\"><\/div><div class=\"sc_section_button sc_item_button\"><a href=\"\/fr\/contact\/\" class=\"sc_button sc_button_square sc_button_style_filled sc_button_size_large\">Contactez-nous<\/a><\/div><\/div><\/div><\/div><div class=\"column-7_12 sc_column_item sc_column_item_6 even span_7\"><\/div><\/div><div class=\"vc_empty_space\"   style=\"height: 64px\"><span class=\"vc_empty_space_inner\"><\/span><\/div><\/div><\/div><\/div><\/div><div data-vc-full-width=\"true\" data-vc-full-width-temp=\"true\" data-vc-full-width-init=\"false\" data-vc-parallax=\"2\" data-vc-parallax-image=\"https:\/\/bremsenbrakes.com\/wp-content\/uploads\/2016\/09\/parallax_1.jpg\" class=\"vc_row wpb_row vc_row-fluid vc_row-has-fill vc_row-o-content-middle vc_row-flex vc_general vc_parallax vc_parallax-content-moving\"><div class=\"wpb_column vc_column_container vc_col-sm-12\"><div class=\"vc_column-inner vc_custom_1474276738020\"><div class=\"wpb_wrapper\"><div class=\"sc_section margin_bottom_huge\" data-animation=\"animated fadeInUp normal\"><div class=\"sc_section_inner\"><div class=\"sc_section_content_wrap\"><h2 class=\"sc_title sc_title_regular sc_align_center margin_top_huge margin_bottom_null\" style=\"text-align:center;color:#ffffff;\">BREMSEN auf dem N\u00fcrburgring<\/h2><div class=\"vc_empty_space\"   style=\"height: 1.55rem\"><span class=\"vc_empty_space_inner\"><\/span><\/div><h6 class=\"sc_title sc_title_regular sc_align_center margin_top_null margin_bottom_small\" style=\"text-align:center;color:#ffffff;\">Performance Bremsen sur la piste du Grand Prix du N\u00fcrburgring<\/p>\n<div class=\"IEBeid Os8Zif\" data-hveid=\"CEAQAg\">\n<div class=\"DDW42d CqhsSc\">\n<div>\n<div>\n<div data-acc=\"n\" data-enjspb=\"true\" data-ved=\"2ahUKEwietbfEg9TzAhXClWoFHSApB58Q2esEegQIQBAD\">\n<div>\n<div>\n<div>\n<div class=\"iTPLzd rNSxBe I7Y2H WE2xI eY4mx\" tabindex=\"0\" role=\"button\" aria-expanded=\"false\" aria-haspopup=\"true\" aria-label=\"About this Result\"><\/div>\n<\/div>\n<\/div>\n<\/div>\n<\/div>\n<\/div>\n<\/div>\n<\/div>\n<\/div>\n<div class=\"l44Vof\" data-hveid=\"CEAQBg\">\n<div class=\"kmiBs\">\n<div class=\"H93uF\"><\/div>\n<\/div>\n<\/div>\n<p><\/h6><\/div><\/div><\/div><div class=\"vc_empty_space\"   style=\"height: 45px\"><span class=\"vc_empty_space_inner\"><\/span><\/div><\/div><\/div><\/div><\/div><div class=\"vc_row-full-width vc_clearfix\"><\/div><div data-vc-full-width=\"true\" data-vc-full-width-temp=\"true\" data-vc-full-width-init=\"false\" class=\"vc_row wpb_row vc_row-fluid vc_custom_1473675002313 vc_row-has-fill\"><div class=\"wpb_column vc_column_container vc_col-sm-12\"><div class=\"vc_column-inner\"><div class=\"wpb_wrapper\"><div id=\"sc_testimonials_1853163450\" class=\"sc_testimonials sc_testimonials_style_testimonials-1\" style=\"width:100%;\"><h6 class=\"sc_testimonials_subtitle sc_item_subtitle\">satisfaction<\/h6><h3 class=\"sc_testimonials_title sc_item_title sc_item_title_without_descr\">Que disent les gens<\/h3><div class=\"sc_columns columns_wrap\"><div class=\"column-1_3 column_padding_bottom\">\t\t\t<div id=\"sc_testimonials_1853163450_1\" class=\"sc_testimonial_item\">\n                <div class=\"sc_testimonial_items\">\n                                    <div class=\"sc_testimonial_image\"><img loading=\"lazy\" decoding=\"async\" class=\"wp-post-image\" width=\"370\" height=\"240\" alt=\"Richard\" src=\"https:\/\/bremsenbrakes.com\/wp-content\/uploads\/2016\/09\/testim_01-01-370x240.jpg\"><\/div>\n                \n                <div class=\"sc_testimonial_content\">Excellente qualit\u00e9. Cela fait 1 an qu'ils sont install\u00e9s et les disques ne sont pas du tout rouill\u00e9s.\n\n                                            <div class=\"sc_testimonial_author\"><span class=\"sc_testimonial_author_name\">Richard<\/span><\/div>\n                                    <\/div>\n                <\/div>\n\n\t\t\t<\/div>\n\t\t<\/div><div class=\"column-1_3 column_padding_bottom\">\t\t\t<div id=\"sc_testimonials_1853163450_2\" class=\"sc_testimonial_item\">\n                <div class=\"sc_testimonial_items\">\n                                    <div class=\"sc_testimonial_image\"><img loading=\"lazy\" decoding=\"async\" class=\"wp-post-image\" width=\"370\" height=\"240\" alt=\"Jean-Michel\" src=\"https:\/\/bremsenbrakes.com\/wp-content\/uploads\/2016\/09\/testim_02-2-1-370x240.jpg\"><\/div>\n                \n                <div class=\"sc_testimonial_content\">Mes freins BREMSEN sont sans rouille, sans poussi\u00e8re \u00e0 un prix vraiment raisonnable !\n\n                                            <div class=\"sc_testimonial_author\"><span class=\"sc_testimonial_author_name\">Jean-Michel<\/span><\/div>\n                                    <\/div>\n                <\/div>\n\n\t\t\t<\/div>\n\t\t<\/div><div class=\"column-1_3 column_padding_bottom\">\t\t\t<div id=\"sc_testimonials_1853163450_3\" class=\"sc_testimonial_item\">\n                <div class=\"sc_testimonial_items\">\n                                    <div class=\"sc_testimonial_image\"><img loading=\"lazy\" decoding=\"async\" class=\"wp-post-image\" width=\"370\" height=\"240\" alt=\"Nicole T.\" src=\"https:\/\/bremsenbrakes.com\/wp-content\/uploads\/2016\/09\/testim_03-1-1-370x240.jpg\"><\/div>\n                \n                <div class=\"sc_testimonial_content\">Je pense qu'il s'agit d'une alternative intelligente en termes de fiabilit\u00e9, de qualit\u00e9 et de prix... point final !\n\n                                            <div class=\"sc_testimonial_author\"><span class=\"sc_testimonial_author_name\">Nicole T.<\/span><\/div>\n                                    <\/div>\n                <\/div>\n\n\t\t\t<\/div>\n\t\t<\/div><\/div><\/div><div class=\"sc_section margin_bottom_medium aligncenter\" data-animation=\"animated fadeInUp normal\"><div class=\"sc_section_inner\"><div class=\"sc_section_content_wrap\"><\/div><\/div><\/div><\/div><\/div><\/div><\/div><div class=\"vc_row-full-width vc_clearfix\"><\/div><div data-vc-full-width=\"true\" data-vc-full-width-temp=\"true\" data-vc-full-width-init=\"false\" data-vc-parallax=\"1.5\" data-vc-parallax-image=\"https:\/\/bremsenbrakes.com\/wp-content\/uploads\/2016\/09\/parallax_3-1.jpg\" class=\"vc_row wpb_row vc_row-fluid vc_row-has-fill vc_general vc_parallax vc_parallax-content-moving\"><div class=\"wpb_column vc_column_container vc_col-sm-12\"><div class=\"vc_column-inner vc_custom_1474021578331\"><div class=\"wpb_wrapper\"><div class=\"sc_section margin_top_large margin_bottom_huge aligncenter\" data-animation=\"animated fadeInUp normal\" style=\"max-width: 630px;\"><div class=\"sc_section_inner\"><div class=\"sc_section_content_wrap\"><h2 class=\"sc_title sc_title_regular sc_align_center\" style=\"margin-top: 2.32em;line-height: 1.2;margin-bottom: 1.95rem;text-align:center;color:#ffffff;\">Voir notre vid\u00e9o<\/h2><video class=\"sc_video\" src=\"https:\/\/youtube.com\/embed\/VQEPYCtYslg\" width=\"630\" height=\"350\" data-width=\"630\" data-height=\"350\" data-ratio=\"16:9\" poster=\"https:\/\/bremsenbrakes.com\/wp-content\/uploads\/2016\/09\/post-3-630x350.jpg\" data-image=\"https:\/\/bremsenbrakes.com\/wp-content\/uploads\/2016\/09\/post-3-630x350.jpg\" data-class=\"margin_bottom_small\" style=\"width:630px;height:350px;\" autoplay=\"autoplay\" controls=\"controls\" loop=\"loop\"><\/video><\/div><\/div><\/div><\/div><\/div><\/div><\/div><div class=\"vc_row-full-width vc_clearfix\"><\/div><div data-vc-full-width=\"true\" data-vc-full-width-temp=\"true\" data-vc-full-width-init=\"false\" class=\"vc_row wpb_row vc_row-fluid\"><div class=\"wpb_column vc_column_container vc_col-sm-12\"><div class=\"vc_column-inner vc_custom_1474034924291\"><div class=\"wpb_wrapper\"><div id=\"sc_clients_674333528_wrap\" class=\"sc_clients_wrap\"><div id=\"sc_clients_674333528\" class=\"sc_clients sc_clients_style_clients-1  margin_top_large margin_bottom_medium\" style=\"width:100%;\" data-animation=\"animated fadeInUp normal\"><div class=\"sc_slider_swiper swiper-slider-container sc_slider_nopagination sc_slider_nocontrols\" data-interval=\"5373\" data-slides-per-view=\"6\" data-slides-min-width=\"100\"><div class=\"slides swiper-wrapper\"><div class=\"swiper-slide\" data-style=\"width:100%;\" style=\"width:100%;\">\t\t\t<div id=\"sc_clients_674333528_1\" class=\"sc_clients_item sc_clients_item_1 odd first\">\n\t\t\t\t\t\t\t\t<div class=\"sc_client_image\"><img decoding=\"async\" class=\"wp-post-image\" alt=\"Partner 6\" src=\"https:\/\/bremsenbrakes.com\/wp-content\/uploads\/2016\/09\/br_icon_06.png\"><\/div>\n\t\t\t\t\t\t\t<\/div>\n\t\t<\/div><div class=\"swiper-slide\" data-style=\"width:100%;\" style=\"width:100%;\">\t\t\t<div id=\"sc_clients_674333528_2\" class=\"sc_clients_item sc_clients_item_2 even\">\n\t\t\t\t\t\t\t\t<div class=\"sc_client_image\"><img decoding=\"async\" class=\"wp-post-image\" alt=\"Partner 5\" src=\"https:\/\/bremsenbrakes.com\/wp-content\/uploads\/2016\/09\/br_icon_05.png\"><\/div>\n\t\t\t\t\t\t\t<\/div>\n\t\t<\/div><div class=\"swiper-slide\" data-style=\"width:100%;\" style=\"width:100%;\">\t\t\t<div id=\"sc_clients_674333528_3\" class=\"sc_clients_item sc_clients_item_3 odd\">\n\t\t\t\t\t\t\t\t<div class=\"sc_client_image\"><img decoding=\"async\" class=\"wp-post-image\" alt=\"Partner 4\" src=\"https:\/\/bremsenbrakes.com\/wp-content\/uploads\/2016\/09\/br_icon_04.png\"><\/div>\n\t\t\t\t\t\t\t<\/div>\n\t\t<\/div><div class=\"swiper-slide\" data-style=\"width:100%;\" style=\"width:100%;\">\t\t\t<div id=\"sc_clients_674333528_4\" class=\"sc_clients_item sc_clients_item_4 even\">\n\t\t\t\t\t\t\t\t<div class=\"sc_client_image\"><img decoding=\"async\" class=\"wp-post-image\" alt=\"Partner 3\" src=\"https:\/\/bremsenbrakes.com\/wp-content\/uploads\/2016\/09\/br_icon_03.png\"><\/div>\n\t\t\t\t\t\t\t<\/div>\n\t\t<\/div><div class=\"swiper-slide\" data-style=\"width:100%;\" style=\"width:100%;\">\t\t\t<div id=\"sc_clients_674333528_5\" class=\"sc_clients_item sc_clients_item_5 odd\">\n\t\t\t\t\t\t\t\t<div class=\"sc_client_image\"><img decoding=\"async\" class=\"wp-post-image\" alt=\"Partner 2\" src=\"https:\/\/bremsenbrakes.com\/wp-content\/uploads\/2016\/09\/br_icon_02.png\"><\/div>\n\t\t\t\t\t\t\t<\/div>\n\t\t<\/div><div class=\"swiper-slide\" data-style=\"width:100%;\" style=\"width:100%;\">\t\t\t<div id=\"sc_clients_674333528_6\" class=\"sc_clients_item sc_clients_item_6 even\">\n\t\t\t\t\t\t\t\t<div class=\"sc_client_image\"><img decoding=\"async\" class=\"wp-post-image\" alt=\"Partner 1\" src=\"https:\/\/bremsenbrakes.com\/wp-content\/uploads\/2016\/09\/br_icon_01.png\"><\/div>\n\t\t\t\t\t\t\t<\/div>\n\t\t<\/div><\/div><div class=\"sc_slider_controls_wrap\"><a class=\"sc_slider_prev\" href=\"#\"><\/a><a class=\"sc_slider_next\" href=\"#\"><\/a><\/div><div class=\"sc_slider_pagination_wrap\"><\/div><\/div><\/div><!-- \/.sc_clients --><\/div><!-- \/.sc_clients_wrap --><\/div><\/div><\/div><\/div><div class=\"vc_row-full-width vc_clearfix\"><\/div>\n<\/div>","protected":false},"excerpt":{"rendered":"Lorem ipsum dolor sit amet, consectetur adipiscing elit. Nunc porta fringilla ullamcorper. Morbi felis orci, lacinia a velit et, sodales condimentum metus. Nulla non fermentum nisl. Maecenas id molestie turpis, sit amet feugiat lorem. Curabitur sed erat vel tellus hendrerit tincidunt. Sed arcu tortor, sollicitudin ac lectus sed, rhoncus iaculis lectus. Ut efficitur feugiat enim [...]","protected":false},"author":1,"featured_media":0,"parent":0,"menu_order":0,"comment_status":"closed","ping_status":"closed","template":"","meta":{"footnotes":""},"class_list":["post-598","page","type-page","status-publish","hentry"],"aioseo_notices":[],"_links":{"self":[{"href":"https:\/\/bremsenbrakes.com\/fr\/wp-json\/wp\/v2\/pages\/598","targetHints":{"allow":["GET"]}}],"collection":[{"href":"https:\/\/bremsenbrakes.com\/fr\/wp-json\/wp\/v2\/pages"}],"about":[{"href":"https:\/\/bremsenbrakes.com\/fr\/wp-json\/wp\/v2\/types\/page"}],"author":[{"embeddable":true,"href":"https:\/\/bremsenbrakes.com\/fr\/wp-json\/wp\/v2\/users\/1"}],"replies":[{"embeddable":true,"href":"https:\/\/bremsenbrakes.com\/fr\/wp-json\/wp\/v2\/comments?post=598"}],"version-history":[{"count":0,"href":"https:\/\/bremsenbrakes.com\/fr\/wp-json\/wp\/v2\/pages\/598\/revisions"}],"wp:attachment":[{"href":"https:\/\/bremsenbrakes.com\/fr\/wp-json\/wp\/v2\/media?parent=598"}],"curies":[{"name":"wp","href":"https:\/\/api.w.org\/{rel}","templated":true}]}}