{"id":315,"date":"2016-09-13T12:56:06","date_gmt":"2016-09-13T16:56:06","guid":{"rendered":"https:\/\/bremsenbrakes.com\/home\/?page_id=315"},"modified":"2025-06-09T14:34:36","modified_gmt":"2025-06-09T18:34:36","slug":"brake-pads-2","status":"publish","type":"page","link":"https:\/\/bremsenbrakes.com\/fr\/brake-pads-2\/","title":{"rendered":"Plaquettes"},"content":{"rendered":"<div class=\"wpb-content-wrapper\"><div class=\"vc_row wpb_row vc_row-fluid\"><div class=\"wpb_column vc_column_container vc_col-sm-12\"><div class=\"vc_column-inner vc_custom_1474034350441\"><div class=\"wpb_wrapper\"><div id=\"sc_services_1514907218_wrap\" class=\"sc_services_wrap\"><div id=\"sc_services_1514907218\" class=\"sc_services sc_services_style_services-5 sc_services_type_numbers  margin_bottom_huge\" style=\"````width:100%;\" data-animation=\"animated fadeInUp normal\"><h6 class=\"sc_services_subtitle sc_item_subtitle\">PREMIUM<\/h6><h3 class=\"sc_services_title sc_item_title sc_item_title_without_descr\">S\u00e9rie BCD<\/h3><div class=\"sc_services_descr sc_item_descr\">Nos plaquettes de frein sont fabriqu\u00e9es avec des composants Dupont et produites par des machines automatiques de pressage \u00e0 chaud \u00e0 la pointe de la technologie. Elles respectent ou d\u00e9passent les sp\u00e9cifications OE, sont fournies avec quincaillerie, ce qui les rend pr\u00eates \u00e0 installer et sont con\u00e7ues avec des cales en caoutchouc nitrile multicouches et chanfrein\u00e9es pour \u00e9viter le bruit et les vibrations.<\/div><div class=\"sc_service_container sc_align_\"><div class=\"sc_services_image\"><img decoding=\"async\" src=\"https:\/\/bremsenbrakes.com\/wp-content\/uploads\/2016\/09\/about_x2.jpg\" alt=\"about_x2\"><\/div><div class=\"sc_columns columns_wrap\"><div class=\"column-1_2 column_padding_bottom\">\t\t\t<div id=\"sc_services_1514907218_1\"\t\t\t\tclass=\"sc_services_item sc_services_item_1 odd first\"\n\t\t\t\t>\n\t\t\t\t<a href=\"https:\/\/bremsenbrakes.com\/fr\/services\/oe-fit-and-quality\/\"><span class=\"sc_icon icon-book-open\"><\/span><\/a>\t\t\t\t<div class=\"sc_services_item_content\">\n\t\t\t\t\t<h4 class=\"sc_services_item_title\"><a href=\"https:\/\/bremsenbrakes.com\/fr\/services\/oe-fit-and-quality\/\">Qualit\u00e9 OE<\/a><\/h4>\n\t\t\t\t\t<div class=\"sc_services_item_description\">\n\t\t\t\t\t\t<p>Conformes ou d\u00e9passent les normes OE<\/p>\t\t\t\t\t<\/div>\n\t\t\t\t<\/div>\n\t\t\t<\/div>\n\t\t<\/div><div class=\"column-1_2 column_padding_bottom\">\t\t\t<div id=\"sc_services_1514907218_2\"\t\t\t\tclass=\"sc_services_item sc_services_item_2 even\"\n\t\t\t\t>\n\t\t\t\t<a href=\"https:\/\/bremsenbrakes.com\/fr\/services\/chamfered\/\"><span class=\"sc_icon icon-book-open\"><\/span><\/a>\t\t\t\t<div class=\"sc_services_item_content\">\n\t\t\t\t\t<h4 class=\"sc_services_item_title\"><a href=\"https:\/\/bremsenbrakes.com\/fr\/services\/chamfered\/\">Chanfrein\u00e9es<\/a><\/h4>\n\t\t\t\t\t<div class=\"sc_services_item_description\">\n\t\t\t\t\t\t<p>Pour moins de bruit et une usure r\u00e9guli\u00e8re<\/p>\t\t\t\t\t<\/div>\n\t\t\t\t<\/div>\n\t\t\t<\/div>\n\t\t<\/div><div class=\"column-1_2 column_padding_bottom\">\t\t\t<div id=\"sc_services_1514907218_3\"\t\t\t\tclass=\"sc_services_item sc_services_item_3 odd\"\n\t\t\t\t>\n\t\t\t\t<a href=\"https:\/\/bremsenbrakes.com\/fr\/services\/slotted\/\"><span class=\"sc_icon icon-book-open\"><\/span><\/a>\t\t\t\t<div class=\"sc_services_item_content\">\n\t\t\t\t\t<h4 class=\"sc_services_item_title\"><a href=\"https:\/\/bremsenbrakes.com\/fr\/services\/slotted\/\">Rainur\u00e9es<\/a><\/h4>\n\t\t\t\t\t<div class=\"sc_services_item_description\">\n\t\t\t\t\t\t<p>Rainur\u00e9es \u00e0 100% pour contr\u00f4le de bruit (NVH*)<\/p>\t\t\t\t\t<\/div>\n\t\t\t\t<\/div>\n\t\t\t<\/div>\n\t\t<\/div><div class=\"column-1_2 column_padding_bottom\">\t\t\t<div id=\"sc_services_1514907218_4\"\t\t\t\tclass=\"sc_services_item sc_services_item_4 even\"\n\t\t\t\t>\n\t\t\t\t<a href=\"https:\/\/bremsenbrakes.com\/fr\/services\/ceramic-formula\/\"><span class=\"sc_icon icon-book-open\"><\/span><\/a>\t\t\t\t<div class=\"sc_services_item_content\">\n\t\t\t\t\t<h4 class=\"sc_services_item_title\"><a href=\"https:\/\/bremsenbrakes.com\/fr\/services\/ceramic-formula\/\">Formule c\u00e9ramique<\/a><\/h4>\n\t\t\t\t\t<div class=\"sc_services_item_description\">\n\t\t\t\t\t\t<p>Pour une dur\u00e9e de vie prolong\u00e9e<\/p>\t\t\t\t\t<\/div>\n\t\t\t\t<\/div>\n\t\t\t<\/div>\n\t\t<\/div><\/div><\/div><\/div><!-- \/.sc_services --><\/div><!-- \/.sc_services_wrap -->\n\t<div class=\"wpb_raw_code wpb_raw_html wpb_content_element\" >\n\t\t<div class=\"wpb_wrapper\">\n\t\t\t<center>*NVH= Noise Vibration and Harshness (bruit, vibration et duret\u00e9)<\/center>\n\t\t<\/div>\n\t<\/div>\n<\/div><\/div><\/div><\/div><div data-vc-full-width=\"true\" data-vc-full-width-temp=\"true\" data-vc-full-width-init=\"false\" class=\"vc_row wpb_row vc_row-fluid vc_custom_1473769871896 vc_row-has-fill\"><div class=\"wpb_column vc_column_container vc_col-sm-12\"><div class=\"vc_column-inner\"><div class=\"wpb_wrapper\"><div class=\"sc_section margin_top_large margin_bottom_huge\" data-animation=\"animated fadeInUp normal\" style=\"max-width: 1030px; margin: auto;\"><div class=\"sc_section_inner\"><h6 class=\"sc_section_subtitle sc_item_subtitle\">Formule c\u00e9ramique<\/h6><h3 class=\"sc_section_title sc_item_title sc_item_title_without_descr\">S\u00e9rie BCD<\/h3><div class=\"sc_section_descr sc_item_descr\">Les plaquettes de frein Bremsen garantissent un freinage puissant, rapide et silencieux. Lorsque jumel\u00e9es \u00e0 nos disques recouverts, elles offrent un ajustement parfait pour am\u00e9liorer votre efficacit\u00e9 de freinage.<\/div><div class=\"sc_section_content_wrap\"><div class=\"columns_wrap sc_columns columns_nofluid sc_columns_count_2\"><div class=\"column-1_2 sc_column_item sc_column_item_1 odd first\">\n\t<div class=\"wpb_text_column wpb_content_element vc_custom_1731428057054\" >\n\t\t<div class=\"wpb_wrapper\">\n\t\t\t<p><img loading=\"lazy\" decoding=\"async\" class=\"alignnone wp-image-1145\" src=\"https:\/\/bremsenbrakes.com\/wp-content\/uploads\/2024\/11\/bcd_about_02_fr.png\" alt=\"\" width=\"450\" height=\"400\" \/><\/p>\n\n\t\t<\/div>\n\t<\/div>\n<\/div><div class=\"column-1_2 sc_column_item sc_column_item_2 even\"><figure class=\"sc_image  sc_image_shape_square\"><img decoding=\"async\" src=\"https:\/\/bremsenbrakes.com\/wp-content\/uploads\/2021\/10\/bcd_about.png\" alt=\"bcd_about\" \/><\/figure><\/div><\/div><\/div><\/div><\/div>\n\t<div class=\"wpb_raw_code wpb_raw_html wpb_content_element\" >\n\t\t<div class=\"wpb_wrapper\">\n\t\t\t<div class=\"sc_section_content_wrap\"><div class=\"columns_wrap sc_columns columns_nofluid sc_columns_count_2\"><div class=\"column-1_2 sc_column_item sc_column_item_1 odd first\">\n\t<div class=\"wpb_text_column wpb_content_element  vc_custom_1637680131854\">\n\t\t<div class=\"wpb_wrapper\">\n\t\t\t<h4 class=\"sc_services_item_title\">Efficacit\u00e9 de freinage<\/h4>\n<h5>BCD (C\u00e9ramique) vs. Autres<\/h5>\n<p>Nos plaquettes de frein en c\u00e9ramique, contrairement \u00e0 une plaquette de frein semi-m\u00e9tallique, contiennent moins de m\u00e9tal. Le m\u00e9tal est remplac\u00e9 par du cuivre (plus r\u00e9sistant \u00e0 la chaleur) et de la fibre c\u00e9ramique. La combinaison de cuivre et de fibre c\u00e9ramique est la combinaison ultime pour ne pas retenir la chaleur. Nos disques rev\u00eatus et nos plaquettes de frein en c\u00e9ramique combin\u00e9s maintiendront une distance de freinage s\u00fbre.<\/p>\n\n\t\t<\/div>\n\t<\/div>\n<\/div><div class=\"column-1_2 sc_column_item sc_column_item_2 even\"><figure class=\"sc_image  sc_image_shape_square\"><img decoding=\"async\" src=\"https:\/\/bremsenbrakes.com\/wp-content\/uploads\/2022\/01\/bcd_stop_dist.png\" alt=\"\"><\/figure><\/div><\/div><\/div>\n\t\t<\/div>\n\t<\/div>\n<\/div><\/div><\/div><\/div><div class=\"vc_row-full-width vc_clearfix\"><\/div><div class=\"vc_row wpb_row vc_row-fluid\"><div class=\"wpb_column vc_column_container vc_col-sm-12\"><div class=\"vc_column-inner vc_custom_1638207623376\"><div class=\"wpb_wrapper\"><div id=\"sc_services_1108695006_wrap\" class=\"sc_services_wrap\"><div id=\"sc_services_1108695006\" class=\"sc_services sc_services_style_services-5 sc_services_type_numbers  margin_bottom_huge\" style=\"width:100%;\" data-animation=\"animated fadeInUp normal\"><h6 class=\"sc_services_subtitle sc_item_subtitle\">\u00c0 usage intense<\/h6><h3 class=\"sc_services_title sc_item_title sc_item_title_without_descr\">S\u00e9rie DMD<\/h3><div class=\"sc_services_descr sc_item_descr\">Nos plaquettes de frein Bremsen Defender DMD Series sont sp\u00e9cialement con\u00e7ues pour les v\u00e9hicules utilitaires. Avec leur formulation semi-m\u00e9tallique, elles sont utilis\u00e9ss par les voitures de police, les ambulances, les chauffeurs de taxi et toutes autres applications lourdes.<\/div><div class=\"sc_service_container sc_align_\"><div class=\"sc_services_image\"><img decoding=\"async\" src=\"https:\/\/bremsenbrakes.com\/wp-content\/uploads\/2021\/11\/dmd_cues_en.png\" alt=\"dmd_cues_en\"><\/div><div class=\"sc_columns columns_wrap\"><div class=\"column-1_2 column_padding_bottom\">\t\t\t<div id=\"sc_services_1108695006_1\"\t\t\t\tclass=\"sc_services_item sc_services_item_1 odd first\"\n\t\t\t\t>\n\t\t\t\t<a href=\"https:\/\/bremsenbrakes.com\/fr\/services\/oe-fit-quality-dmd\/\"><span class=\"sc_icon icon-book-open\"><\/span><\/a>\t\t\t\t<div class=\"sc_services_item_content\">\n\t\t\t\t\t<h4 class=\"sc_services_item_title\"><a href=\"https:\/\/bremsenbrakes.com\/fr\/services\/oe-fit-quality-dmd\/\">Qualit\u00e9 OE<\/a><\/h4>\n\t\t\t\t\t<div class=\"sc_services_item_description\">\n\t\t\t\t\t\t<p>Conformes ou d\u00e9passent les normes OE<\/p>\t\t\t\t\t<\/div>\n\t\t\t\t<\/div>\n\t\t\t<\/div>\n\t\t<\/div><div class=\"column-1_2 column_padding_bottom\">\t\t\t<div id=\"sc_services_1108695006_2\"\t\t\t\tclass=\"sc_services_item sc_services_item_2 even\"\n\t\t\t\t>\n\t\t\t\t<a href=\"https:\/\/bremsenbrakes.com\/fr\/services\/shimmed-dmd\/\"><span class=\"sc_icon icon-book-open\"><\/span><\/a>\t\t\t\t<div class=\"sc_services_item_content\">\n\t\t\t\t\t<h4 class=\"sc_services_item_title\"><a href=\"https:\/\/bremsenbrakes.com\/fr\/services\/shimmed-dmd\/\">Cal\u00e9es<\/a><\/h4>\n\t\t\t\t\t<div class=\"sc_services_item_description\">\n\t\t\t\t\t\t<p>En acier inoxydable caoutchout\u00e9es pr\u00e9venant les bruits et vibrations<\/p>\t\t\t\t\t<\/div>\n\t\t\t\t<\/div>\n\t\t\t<\/div>\n\t\t<\/div><div class=\"column-1_2 column_padding_bottom\">\t\t\t<div id=\"sc_services_1108695006_3\"\t\t\t\tclass=\"sc_services_item sc_services_item_3 odd\"\n\t\t\t\t>\n\t\t\t\t<a href=\"https:\/\/bremsenbrakes.com\/fr\/services\/powershield-2\/\"><span class=\"sc_icon icon-book-open\"><\/span><\/a>\t\t\t\t<div class=\"sc_services_item_content\">\n\t\t\t\t\t<h4 class=\"sc_services_item_title\"><a href=\"https:\/\/bremsenbrakes.com\/fr\/services\/powershield-2\/\">PowerShield<\/a><\/h4>\n\t\t\t\t\t<div class=\"sc_services_item_description\">\n\t\t\t\t\t\t<p>Aide \u00e0 la p\u00e9riode de rodage et assure un freinage et adh\u00e9rence constantes<\/p>\t\t\t\t\t<\/div>\n\t\t\t\t<\/div>\n\t\t\t<\/div>\n\t\t<\/div><div class=\"column-1_2 column_padding_bottom\">\t\t\t<div id=\"sc_services_1108695006_4\"\t\t\t\tclass=\"sc_services_item sc_services_item_4 even\"\n\t\t\t\t>\n\t\t\t\t<a href=\"https:\/\/bremsenbrakes.com\/fr\/services\/chamfered-dmd-2\/\"><span class=\"sc_icon icon-book-open\"><\/span><\/a>\t\t\t\t<div class=\"sc_services_item_content\">\n\t\t\t\t\t<h4 class=\"sc_services_item_title\"><a href=\"https:\/\/bremsenbrakes.com\/fr\/services\/chamfered-dmd-2\/\">Chanfrein\u00e9es<\/a><\/h4>\n\t\t\t\t\t<div class=\"sc_services_item_description\">\n\t\t\t\t\t\t<p>Pour moins de bruit et une usure r\u00e9guli\u00e8re<\/p>\t\t\t\t\t<\/div>\n\t\t\t\t<\/div>\n\t\t\t<\/div>\n\t\t<\/div><\/div><\/div><\/div><!-- \/.sc_services --><\/div><!-- \/.sc_services_wrap --><\/div><\/div><\/div><\/div><div data-vc-full-width=\"true\" data-vc-full-width-temp=\"true\" data-vc-full-width-init=\"false\" class=\"vc_row wpb_row vc_row-fluid vc_custom_1638207854887 vc_row-has-fill\"><div class=\"wpb_column vc_column_container vc_col-sm-12\"><div class=\"vc_column-inner\"><div class=\"wpb_wrapper\"><div class=\"sc_section margin_top_large margin_bottom_huge\" data-animation=\"animated fadeInUp normal\" style=\"max-width: 1030px; margin: auto;color:#ffffff;\"><div class=\"sc_section_inner\"><div class=\"sc_section_overlay\" style=\"\"><div class=\"sc_section_content padding_on\" style=\"\"><h6 class=\"sc_section_subtitle sc_item_subtitle\">formule semi-m\u00e9tallique<\/h6><h3 class=\"sc_section_title sc_item_title sc_item_title_without_descr\">S\u00e9rie DMD<\/h3><div class=\"sc_section_descr sc_item_descr\">Nos plaquettes de frein robustes DMD sont dot\u00e9es de notre technologie Bremsen Powershield, qui vous offre une puissance de freinage maximale d\u00e8s le premier jour.<\/div><div class=\"sc_section_content_wrap\"><div class=\"columns_wrap sc_columns columns_nofluid sc_columns_count_2\"><div class=\"column-1_2 sc_column_item sc_column_item_1 odd first\">\n\t<div class=\"wpb_text_column wpb_content_element vc_custom_1637680069575\" >\n\t\t<div class=\"wpb_wrapper\">\n\t\t\t<p><img loading=\"lazy\" decoding=\"async\" class=\"alignnone size-medium wp-image-1219\" src=\"https:\/\/bremsenbrakes.com\/wp-content\/uploads\/2021\/11\/dmd_about_01-300x267.png\" alt=\"\" width=\"450\" height=\"400\" srcset=\"https:\/\/bremsenbrakes.com\/wp-content\/uploads\/2021\/11\/dmd_about_01-300x267.png 300w, https:\/\/bremsenbrakes.com\/wp-content\/uploads\/2021\/11\/dmd_about_01.png 450w\" sizes=\"auto, (max-width: 450px) 100vw, 450px\" \/><\/p>\n\n\t\t<\/div>\n\t<\/div>\n<\/div><div class=\"column-1_2 sc_column_item sc_column_item_2 even\"><figure class=\"sc_image  sc_image_shape_square\"><img decoding=\"async\" src=\"https:\/\/bremsenbrakes.com\/wp-content\/uploads\/2021\/11\/dmd_about_02.png\" alt=\"dmd_about_02\" \/><\/figure><\/div><\/div><\/div><\/div><\/div><\/div><\/div>\n\t<div class=\"wpb_raw_code wpb_raw_html wpb_content_element\" >\n\t\t<div class=\"wpb_wrapper\">\n\t\t\t<div class=\"sc_section_content_wrap\"><div class=\"columns_wrap sc_columns columns_nofluid sc_columns_count_2\"><div class=\"column-1_2 sc_column_item sc_column_item_1 odd first\">\n\t<div class=\"wpb_text_column wpb_content_element  vc_custom_1637680131854\">\n\t\t<div class=\"wpb_wrapper\">\n\t\t\t<h4 class=\"sc_services_item_title\">Efficacit\u00e9 de freinage<\/h4>\n<h5>DMD (Service intense) vs. Autres<\/h5>\n<p>Le principal effet sur les plaquettes de frein lorsqu'un v\u00e9hicule est charg\u00e9, que ce soit par remorquage ou par poids, est la chaleur. Lorsque les freins sont chauff\u00e9s en dehors des temp\u00e9ratures de fonctionnement, cela entra\u00eene un freinage d\u00e9favorable et des distances d'arr\u00eat plus longues. Les v\u00e9hicules charg\u00e9s par remorquage et transport de charge atteignent les temp\u00e9ratures de fonctionnement des freins \u00e0 un rythme plus rapide et d\u00e9passeront les param\u00e8tres des temp\u00e9ratures de fonctionnement.<\/p>\n\n\t\t<\/div>\n\t<\/div>\n<\/div><div class=\"column-1_2 sc_column_item sc_column_item_2 even\"><figure class=\"sc_image  sc_image_shape_square\"><img decoding=\"async\" src=\"https:\/\/bremsenbrakes.com\/wp-content\/uploads\/2022\/01\/dmd_stop_dist.png\" alt=\"\"><\/figure><\/div><\/div><\/div>\n\t\t<\/div>\n\t<\/div>\n<\/div><\/div><\/div><\/div><div class=\"vc_row-full-width vc_clearfix\"><\/div><div data-vc-full-width=\"true\" data-vc-full-width-temp=\"true\" data-vc-full-width-init=\"false\" data-vc-parallax=\"1.5\" data-vc-parallax-image=\"https:\/\/bremsenbrakes.com\/wp-content\/uploads\/2016\/09\/post-3.jpg\" class=\"vc_row wpb_row vc_row-fluid vc_row-has-fill vc_general vc_parallax vc_parallax-content-moving\"><div class=\"wpb_column vc_column_container vc_col-sm-12\"><div class=\"vc_column-inner vc_custom_1474034924291\"><div class=\"wpb_wrapper\"><div class=\"sc_section margin_top_large margin_bottom_huge aligncenter\" data-animation=\"animated fadeInUp normal\" style=\"max-width: 630px;\"><div class=\"sc_section_inner\"><div class=\"sc_section_content_wrap\"><h2 class=\"sc_title sc_title_regular sc_align_center\" style=\"margin-top: 2.32em;line-height: 1.2;margin-bottom: 1.95rem;text-align:center;color:#ffffff;\">Fabrication des plaquettes de frein<\/h2><video class=\"sc_video\" src=\"https:\/\/youtube.com\/embed\/e2f8n3fKjxM\" width=\"630\" height=\"350\" data-width=\"630\" data-height=\"350\" data-ratio=\"16:9\" poster=\"https:\/\/i1.ytimg.com\/vi\/e2f8n3fKjxM\/0.jpg\" data-image=\"https:\/\/i1.ytimg.com\/vi\/e2f8n3fKjxM\/0.jpg\" data-class=\"margin_bottom_small\" style=\"width:630px;height:350px;\" autoplay=\"autoplay\" controls=\"controls\" loop=\"loop\"><\/video><\/div><\/div><\/div><\/div><\/div><\/div><\/div><div class=\"vc_row-full-width vc_clearfix\"><\/div>\n<\/div>","protected":false},"excerpt":{"rendered":"Lorem ipsum dolor sit amet, consectetur adipiscing elit. Nunc porta fringilla ullamcorper. Morbi felis orci, lacinia a velit et, sodales condimentum metus. Nulla non fermentum nisl. Maecenas id molestie turpis, sit amet feugiat lorem. Curabitur sed erat vel tellus hendrerit tincidunt. Sed arcu tortor, sollicitudin ac lectus sed, rhoncus iaculis lectus. Ut efficitur feugiat enim [...]","protected":false},"author":1,"featured_media":0,"parent":0,"menu_order":0,"comment_status":"closed","ping_status":"closed","template":"","meta":{"footnotes":""},"class_list":["post-315","page","type-page","status-publish","hentry"],"aioseo_notices":[],"_links":{"self":[{"href":"https:\/\/bremsenbrakes.com\/fr\/wp-json\/wp\/v2\/pages\/315","targetHints":{"allow":["GET"]}}],"collection":[{"href":"https:\/\/bremsenbrakes.com\/fr\/wp-json\/wp\/v2\/pages"}],"about":[{"href":"https:\/\/bremsenbrakes.com\/fr\/wp-json\/wp\/v2\/types\/page"}],"author":[{"embeddable":true,"href":"https:\/\/bremsenbrakes.com\/fr\/wp-json\/wp\/v2\/users\/1"}],"replies":[{"embeddable":true,"href":"https:\/\/bremsenbrakes.com\/fr\/wp-json\/wp\/v2\/comments?post=315"}],"version-history":[{"count":0,"href":"https:\/\/bremsenbrakes.com\/fr\/wp-json\/wp\/v2\/pages\/315\/revisions"}],"wp:attachment":[{"href":"https:\/\/bremsenbrakes.com\/fr\/wp-json\/wp\/v2\/media?parent=315"}],"curies":[{"name":"wp","href":"https:\/\/api.w.org\/{rel}","templated":true}]}}