{"id":1231,"date":"2021-11-10T13:05:54","date_gmt":"2021-11-10T18:05:54","guid":{"rendered":"https:\/\/bremsenbrakes.com\/home\/?page_id=1231"},"modified":"2024-11-12T11:17:11","modified_gmt":"2024-11-12T16:17:11","slug":"discs-and-drums","status":"publish","type":"page","link":"https:\/\/bremsenbrakes.com\/fr\/discs-and-drums\/","title":{"rendered":"Disques et tambours"},"content":{"rendered":"<div class=\"wpb-content-wrapper\"><div class=\"vc_row wpb_row vc_row-fluid\"><div class=\"wpb_column vc_column_container vc_col-sm-12\"><div class=\"vc_column-inner vc_custom_1474034350441\"><div class=\"wpb_wrapper\"><div id=\"sc_services_1508860526_wrap\" class=\"sc_services_wrap\"><div id=\"sc_services_1508860526\" class=\"sc_services sc_services_style_services-5 sc_services_type_numbers  margin_bottom_huge\" style=\"width:100%;\" data-animation=\"animated fadeInUp normal\"><h6 class=\"sc_services_subtitle sc_item_subtitle\">avantages<\/h6><h3 class=\"sc_services_title sc_item_title sc_item_title_without_descr\">POURQUOI NOUS CHOISIR<\/h3><div class=\"sc_services_descr sc_item_descr\">Nos disques et tambours rev\u00eatus de Geomet\u00ae offrent une protection sup\u00e9rieure contre la corrosion, augmentant consid\u00e9rablement leur durabilit\u00e9. Ils sont ventil\u00e9s pour un transfert de chaleur rapide et d\u00e9passent m\u00eame les normes des fabricants. Ils sont approuv\u00e9s par l'EPA et compatibles avec tous les mat\u00e9riaux de friction.<\/div><div class=\"sc_service_container sc_align_\"><div class=\"sc_services_image\"><img decoding=\"async\" src=\"https:\/\/bremsenbrakes.com\/wp-content\/uploads\/2021\/11\/about_rot.jpg\" alt=\"about_rot\"><\/div><div class=\"sc_columns columns_wrap\"><div class=\"column-1_2 column_padding_bottom\">\t\t\t<div id=\"sc_services_1508860526_1\"\t\t\t\tclass=\"sc_services_item sc_services_item_1 odd first\"\n\t\t\t\t>\n\t\t\t\t<a href=\"https:\/\/bremsenbrakes.com\/fr\/services\/geomet-coated\/\"><span class=\"sc_icon icon-book-open\"><\/span><\/a>\t\t\t\t<div class=\"sc_services_item_content\">\n\t\t\t\t\t<h4 class=\"sc_services_item_title\"><a href=\"https:\/\/bremsenbrakes.com\/fr\/services\/geomet-coated\/\">Enduits de Geomet\u00ae<\/a><\/h4>\n\t\t\t\t\t<div class=\"sc_services_item_description\">\n\t\t\t\t\t\t<p>Prot\u00e9geant contre la corrosion<\/p>\t\t\t\t\t<\/div>\n\t\t\t\t<\/div>\n\t\t\t<\/div>\n\t\t<\/div><div class=\"column-1_2 column_padding_bottom\">\t\t\t<div id=\"sc_services_1508860526_2\"\t\t\t\tclass=\"sc_services_item sc_services_item_2 even\"\n\t\t\t\t>\n\t\t\t\t<a href=\"https:\/\/bremsenbrakes.com\/fr\/services\/epa-approved\/\"><span class=\"sc_icon icon-book-open\"><\/span><\/a>\t\t\t\t<div class=\"sc_services_item_content\">\n\t\t\t\t\t<h4 class=\"sc_services_item_title\"><a href=\"https:\/\/bremsenbrakes.com\/fr\/services\/epa-approved\/\">Approuv\u00e9s par l\u2019EPA<\/a><\/h4>\n\t\t\t\t\t<div class=\"sc_services_item_description\">\n\t\t\t\t\t\t<p>Compatible avec tout mat\u00e9riau de friction<\/p>\t\t\t\t\t<\/div>\n\t\t\t\t<\/div>\n\t\t\t<\/div>\n\t\t<\/div><div class=\"column-1_2 column_padding_bottom\">\t\t\t<div id=\"sc_services_1508860526_3\"\t\t\t\tclass=\"sc_services_item sc_services_item_3 odd\"\n\t\t\t\t>\n\t\t\t\t<a href=\"https:\/\/bremsenbrakes.com\/fr\/services\/ventilated\/\"><span class=\"sc_icon icon-book-open\"><\/span><\/a>\t\t\t\t<div class=\"sc_services_item_content\">\n\t\t\t\t\t<h4 class=\"sc_services_item_title\"><a href=\"https:\/\/bremsenbrakes.com\/fr\/services\/ventilated\/\">Ventil\u00e9s<\/a><\/h4>\n\t\t\t\t\t<div class=\"sc_services_item_description\">\n\t\t\t\t\t\t<p>Dissipation de chaleur rapide, am\u00e9liorant la dur\u00e9e de vie du disque<\/p>\t\t\t\t\t<\/div>\n\t\t\t\t<\/div>\n\t\t\t<\/div>\n\t\t<\/div><div class=\"column-1_2 column_padding_bottom\">\t\t\t<div id=\"sc_services_1508860526_4\"\t\t\t\tclass=\"sc_services_item sc_services_item_4 even\"\n\t\t\t\t>\n\t\t\t\t<a href=\"https:\/\/bremsenbrakes.com\/fr\/services\/oe-fit-quality\/\"><span class=\"sc_icon icon-book-open\"><\/span><\/a>\t\t\t\t<div class=\"sc_services_item_content\">\n\t\t\t\t\t<h4 class=\"sc_services_item_title\"><a href=\"https:\/\/bremsenbrakes.com\/fr\/services\/oe-fit-quality\/\">Qualit\u00e9 OE<\/a><\/h4>\n\t\t\t\t\t<div class=\"sc_services_item_description\">\n\t\t\t\t\t\t<p>Conformes ou d\u00e9passent les normes OE<\/p>\t\t\t\t\t<\/div>\n\t\t\t\t<\/div>\n\t\t\t<\/div>\n\t\t<\/div><\/div><\/div><\/div><!-- \/.sc_services --><\/div><!-- \/.sc_services_wrap -->\n\t<div class=\"wpb_text_column wpb_content_element\" >\n\t\t<div class=\"wpb_wrapper\">\n\t\t\t<p>GEOMET\u00ae (ou plus pr\u00e9cis\u00e9ment GEOMET\u00ae 360) est un rev\u00eatement chimique \u00e0 base d\u2019eau qui est appliqu\u00e9 sur les disques de frein pour aider \u00e0 pr\u00e9venir la corrosion. NOF Metal Coatings Group a d\u00e9velopp\u00e9 le rev\u00eatement en r\u00e9ponse \u00e0 des r\u00e9glementations et des pr\u00e9occupations environnementales plus strictes. Le produit qui en r\u00e9sulte est utilis\u00e9 dans le monde entier sur plus de 40 millions de disques de frein par an.<\/p>\n<p><strong>Avantages du GEOMET\u00ae 360<\/strong><\/p>\n<table border=\"0\" width=\"100%\" align=\"center\">\n<tbody>\n<tr>\n<td><img loading=\"lazy\" decoding=\"async\" src=\"https:\/\/bremsenbrakes.com\/wp-content\/uploads\/2022\/01\/new_car_icon.png\" alt=\"\" width=\"60\" height=\"60\" align=\"left\" hspace=\"4px\" \/><br \/>\nEmp\u00eache la rouille, am\u00e9liorant ainsi l\u2019apparence de votre v\u00e9hicule<\/td>\n<td><img loading=\"lazy\" decoding=\"async\" src=\"https:\/\/bremsenbrakes.com\/wp-content\/uploads\/2022\/01\/pedal_icon.png\" alt=\"\" width=\"60\" height=\"60\" align=\"left\" hspace=\"4px\" \/><br \/>\nPerformance de freinage inalt\u00e9r\u00e9e<\/td>\n<\/tr>\n<tr>\n<td><img loading=\"lazy\" decoding=\"async\" src=\"https:\/\/bremsenbrakes.com\/wp-content\/uploads\/2022\/01\/temp_icon.png\" alt=\"\" width=\"60\" height=\"60\" align=\"left\" hspace=\"4px\" \/><br \/>\nR\u00e9sistant \u00e0 hautes temp\u00e9ratures<\/td>\n<td><img loading=\"lazy\" decoding=\"async\" src=\"https:\/\/bremsenbrakes.com\/wp-content\/uploads\/2022\/01\/eco_icon.png\" alt=\"\" width=\"60\" height=\"60\" align=\"left\" hspace=\"4px\" \/><br \/>\nConscient de l\u2019environnement<\/td>\n<\/tr>\n<\/tbody>\n<\/table>\n<pre><\/pre>\n<p>L\u2019une des principales caract\u00e9ristiques de Geomet est qu\u2019il n\u2019est pas gras et qu\u2019il forme une couche tr\u00e8s fine, ce qui signifie que vos performances de freinage ne seront pas affect\u00e9es.<br \/>\nLe rev\u00eatement Geomet peut supporter jusqu\u2019\u00e0 400\u00b0C (750\u00b0F) tout en offrant une excellente r\u00e9sistance \u00e0 la corrosion sans cristallisation pendant les cycles thermiques ou la formation de r\u00e9sines organiques. En plus de tout cela, il est soucieux de l\u2019environnement; Il n\u2019y a pas de chrome dans la solution, et comme elle est appliqu\u00e9e dans un syst\u00e8me ferm\u00e9, le liquide restant est recycl\u00e9.<\/p>\n\n\t\t<\/div>\n\t<\/div>\n<\/div><\/div><\/div><\/div><div data-vc-full-width=\"true\" data-vc-full-width-temp=\"true\" data-vc-full-width-init=\"false\" class=\"vc_row wpb_row vc_row-fluid vc_custom_1473769871896 vc_row-has-fill\"><div class=\"wpb_column vc_column_container vc_col-sm-12\"><div class=\"vc_column-inner\"><div class=\"wpb_wrapper\"><div class=\"sc_section margin_top_large margin_bottom_huge\" data-animation=\"animated fadeInUp normal\" style=\"max-width: 1030px; margin: auto;\"><div class=\"sc_section_inner\"><h6 class=\"sc_section_subtitle sc_item_subtitle\">Geomet<\/h6><h3 class=\"sc_section_title sc_item_title sc_item_title_without_descr\">Disques de frein recouverts<\/h3><div class=\"sc_section_content_wrap\"><div class=\"columns_wrap sc_columns columns_nofluid sc_columns_count_2\"><div class=\"column-1_2 sc_column_item sc_column_item_1 odd first\">\n\t<div class=\"wpb_text_column wpb_content_element vc_custom_1731428226005\" >\n\t\t<div class=\"wpb_wrapper\">\n\t\t\t<p><img loading=\"lazy\" decoding=\"async\" class=\"alignnone size-medium wp-image-1269\" src=\"https:\/\/bremsenbrakes.com\/wp-content\/uploads\/2024\/11\/rotors_about_fr.png\" alt=\"\" width=\"500\" height=\"570\" \/><\/p>\n\n\t\t<\/div>\n\t<\/div>\n<\/div><div class=\"column-1_2 sc_column_item sc_column_item_2 even\"><figure class=\"sc_image  sc_image_shape_square\"><img decoding=\"async\" src=\"https:\/\/bremsenbrakes.com\/wp-content\/uploads\/2021\/11\/about_rot_2_fr.jpg\" alt=\"about_rot_2\" \/><\/figure><\/div><\/div><\/div><\/div><\/div><\/div><\/div><\/div><\/div><div class=\"vc_row-full-width vc_clearfix\"><\/div><div data-vc-full-width=\"true\" data-vc-full-width-temp=\"true\" data-vc-full-width-init=\"false\" data-vc-parallax=\"1.5\" class=\"vc_row wpb_row vc_row-fluid vc_custom_1637612680409 vc_row-has-fill vc_general vc_parallax vc_parallax-content-moving\"><div class=\"wpb_column vc_column_container vc_col-sm-12\"><div class=\"vc_column-inner vc_custom_1474034924291\"><div class=\"wpb_wrapper\"><div class=\"sc_section margin_top_large margin_bottom_huge aligncenter\" data-animation=\"animated fadeInUp normal\" style=\"max-width: 630px;\"><div class=\"sc_section_inner\"><h6 class=\"sc_section_subtitle sc_item_subtitle\">Plaquettes en c\u00e9ramique<\/h6><h3 class=\"sc_section_title sc_item_title sc_item_title_without_descr\">Le couple parfait<\/h3><div class=\"sc_section_descr sc_item_descr\">Lorsque jumel\u00e9s \u00e0 nos plaquettes de frein premium en c\u00e9ramique, ils offrent un ajustement parfait pour am\u00e9liorer votre efficacit\u00e9 de freinage. Regardez une vid\u00e9o sur comment nos plaquettes sont fabriqu\u00e9es.<\/div><div class=\"sc_section_content_wrap\"><video class=\"sc_video\" src=\"https:\/\/youtube.com\/embed\/e2f8n3fKjxM\" width=\"630\" height=\"350\" data-width=\"630\" data-height=\"350\" data-ratio=\"16:9\" poster=\"https:\/\/i1.ytimg.com\/vi\/e2f8n3fKjxM\/0.jpg\" data-image=\"https:\/\/i1.ytimg.com\/vi\/e2f8n3fKjxM\/0.jpg\" data-class=\"margin_bottom_small\" style=\"width:630px;height:350px;\" autoplay=\"autoplay\" controls=\"controls\" loop=\"loop\"><\/video><\/div><\/div><\/div><\/div><\/div><\/div><\/div><div class=\"vc_row-full-width vc_clearfix\"><\/div>\n<\/div>","protected":false},"excerpt":{"rendered":"","protected":false},"author":1,"featured_media":0,"parent":0,"menu_order":0,"comment_status":"closed","ping_status":"closed","template":"","meta":{"footnotes":""},"class_list":["post-1231","page","type-page","status-publish","hentry"],"aioseo_notices":[],"_links":{"self":[{"href":"https:\/\/bremsenbrakes.com\/fr\/wp-json\/wp\/v2\/pages\/1231","targetHints":{"allow":["GET"]}}],"collection":[{"href":"https:\/\/bremsenbrakes.com\/fr\/wp-json\/wp\/v2\/pages"}],"about":[{"href":"https:\/\/bremsenbrakes.com\/fr\/wp-json\/wp\/v2\/types\/page"}],"author":[{"embeddable":true,"href":"https:\/\/bremsenbrakes.com\/fr\/wp-json\/wp\/v2\/users\/1"}],"replies":[{"embeddable":true,"href":"https:\/\/bremsenbrakes.com\/fr\/wp-json\/wp\/v2\/comments?post=1231"}],"version-history":[{"count":0,"href":"https:\/\/bremsenbrakes.com\/fr\/wp-json\/wp\/v2\/pages\/1231\/revisions"}],"wp:attachment":[{"href":"https:\/\/bremsenbrakes.com\/fr\/wp-json\/wp\/v2\/media?parent=1231"}],"curies":[{"name":"wp","href":"https:\/\/api.w.org\/{rel}","templated":true}]}}