{"id":1571,"date":"2025-05-13T17:26:38","date_gmt":"2025-05-13T21:26:38","guid":{"rendered":"https:\/\/bremsenbrakes.com\/?page_id=1571"},"modified":"2025-05-14T13:58:52","modified_gmt":"2025-05-14T17:58:52","slug":"brake-calipers","status":"publish","type":"page","link":"http:\/\/bremsenbrakes.com\/fr\/brake-calipers\/","title":{"rendered":"\u00c9triers de frein"},"content":{"rendered":"<div class=\"wpb-content-wrapper\"><div class=\"vc_row wpb_row vc_row-fluid\"><div class=\"wpb_column vc_column_container vc_col-sm-12\"><div class=\"vc_column-inner vc_custom_1474034350441\"><div class=\"wpb_wrapper\"><div id=\"sc_services_27589808_wrap\" class=\"sc_services_wrap\"><div id=\"sc_services_27589808\" class=\"sc_services sc_services_style_services-5 sc_services_type_numbers  margin_bottom_huge\" style=\"width:100%;\" data-animation=\"animated fadeInUp normal\"><h6 class=\"sc_services_subtitle sc_item_subtitle\">100% MAT\u00c9RIAUX NEUFS<\/h6><h3 class=\"sc_services_title sc_item_title sc_item_title_without_descr\">ENDUITS DE GEOMET\u00ae<\/h3><div class=\"sc_services_descr sc_item_descr\">Nos nouveaux \u00e9triers de frein enduits de GEOMET\u00ae offrent un degr\u00e9 tr\u00e8s \u00e9lev\u00e9 de r\u00e9sistance \u00e0 la corrosion lorsqu'ils sont soumis \u00e0 des tests de brouillard salin et de corrosion cyclique. Les nouveaux pistons, les nouvelles goupilles coulissantes, les nouveaux joints et les nouveaux purgeurs permettent une installation plus facile, plus rapide et plus s\u00fbre, et ne n\u00e9cessitent plus de retour \u00e0 la base. Ils sont construits pour r\u00e9pondre aux normes de l'\u00e9quipement d'origine et sont soumis \u00e0 des tests de qualit\u00e9 rigoureux afin de garantir des performances optimales pendant toute la dur\u00e9e de vie du v\u00e9hicule.<\/div><div class=\"sc_service_container sc_align_\"><div class=\"sc_services_image\"><img decoding=\"async\" src=\"https:\/\/bremsenbrakes.com\/wp-content\/uploads\/2025\/05\/about_cal.jpg\" alt=\"about_cal\"><\/div><div class=\"sc_columns columns_wrap\"><div class=\"column-1_2 column_padding_bottom\">\t\t\t<div id=\"sc_services_27589808_1\"\t\t\t\tclass=\"sc_services_item sc_services_item_1 odd first\"\n\t\t\t\t>\n\t\t\t\t<a href=\"http:\/\/bremsenbrakes.com\/fr\/services\/bleeder-valve\/\"><span class=\"sc_icon icon-book-open\"><\/span><\/a>\t\t\t\t<div class=\"sc_services_item_content\">\n\t\t\t\t\t<h4 class=\"sc_services_item_title\"><a href=\"http:\/\/bremsenbrakes.com\/fr\/services\/bleeder-valve\/\">Valve de purge<\/a><\/h4>\n\t\t\t\t\t<div class=\"sc_services_item_description\">\n\t\t\t\t\t\t<p>Assurent une pression hydraulique ad\u00e9quate et des performances de freinage optimales<\/p>\t\t\t\t\t<\/div>\n\t\t\t\t<\/div>\n\t\t\t<\/div>\n\t\t<\/div><div class=\"column-1_2 column_padding_bottom\">\t\t\t<div id=\"sc_services_27589808_2\"\t\t\t\tclass=\"sc_services_item sc_services_item_2 even\"\n\t\t\t\t>\n\t\t\t\t<a href=\"http:\/\/bremsenbrakes.com\/fr\/services\/premium-grease\/\"><span class=\"sc_icon icon-book-open\"><\/span><\/a>\t\t\t\t<div class=\"sc_services_item_content\">\n\t\t\t\t\t<h4 class=\"sc_services_item_title\"><a href=\"http:\/\/bremsenbrakes.com\/fr\/services\/premium-grease\/\">Graisse premium<\/a><\/h4>\n\t\t\t\t\t<div class=\"sc_services_item_description\">\n\t\t\t\t\t\t<p>Graisse de haute qualit\u00e9 sur les goupilles pour \u00e9viter les blocages pr\u00e9matur\u00e9s<\/p>\t\t\t\t\t<\/div>\n\t\t\t\t<\/div>\n\t\t\t<\/div>\n\t\t<\/div><div class=\"column-1_2 column_padding_bottom\">\t\t\t<div id=\"sc_services_27589808_3\"\t\t\t\tclass=\"sc_services_item sc_services_item_3 odd\"\n\t\t\t\t>\n\t\t\t\t<a href=\"http:\/\/bremsenbrakes.com\/fr\/services\/double-ribbed\/\"><span class=\"sc_icon icon-book-open\"><\/span><\/a>\t\t\t\t<div class=\"sc_services_item_content\">\n\t\t\t\t\t<h4 class=\"sc_services_item_title\"><a href=\"http:\/\/bremsenbrakes.com\/fr\/services\/double-ribbed\/\">Double rainure<\/a><\/h4>\n\t\t\t\t\t<div class=\"sc_services_item_description\">\n\t\t\t\t\t\t<p>Coussinets pour goupilles scell\u00e9s \u00e0 double rainure pour une plus longue dur\u00e9e de vie<\/p>\t\t\t\t\t<\/div>\n\t\t\t\t<\/div>\n\t\t\t<\/div>\n\t\t<\/div><div class=\"column-1_2 column_padding_bottom\">\t\t\t<div id=\"sc_services_27589808_4\"\t\t\t\tclass=\"sc_services_item sc_services_item_4 even\"\n\t\t\t\t>\n\t\t\t\t<a href=\"http:\/\/bremsenbrakes.com\/fr\/services\/hardware-included\/\"><span class=\"sc_icon icon-book-open\"><\/span><\/a>\t\t\t\t<div class=\"sc_services_item_content\">\n\t\t\t\t\t<h4 class=\"sc_services_item_title\"><a href=\"http:\/\/bremsenbrakes.com\/fr\/services\/hardware-included\/\">Quincaillerie incluse<\/a><\/h4>\n\t\t\t\t\t<div class=\"sc_services_item_description\">\n\t\t\t\t\t\t<p>Boulons banjo et rondelles en cuivre inclus, lorsque applicable<\/p>\t\t\t\t\t<\/div>\n\t\t\t\t<\/div>\n\t\t\t<\/div>\n\t\t<\/div><\/div><\/div><\/div><!-- \/.sc_services --><\/div><!-- \/.sc_services_wrap -->\n\t<div class=\"wpb_text_column wpb_content_element\" >\n\t\t<div class=\"wpb_wrapper\">\n\t\t\t<p>Ils sont con\u00e7us avec des mat\u00e9riaux de haute qualit\u00e9 et sont trait\u00e9s avec un rev\u00eatement GEOMET\u00ae \u00e0 base d'eau, en particulier GEOMET\u00ae 360, pour pr\u00e9venir la rouille et la corrosion. D\u00e9velopp\u00e9 par le groupe NOF Metal Coatings en r\u00e9ponse \u00e0 des normes environnementales plus strictes, ce rev\u00eatement est utilis\u00e9 dans le monde entier sur plus de 40 millions de composants de freins par an.<\/p>\n<p><strong>Avantages du GEOMET\u00ae 360<\/strong><\/p>\n<table border=\"0\" width=\"100%\" align=\"center\">\n<tbody>\n<tr>\n<td><img loading=\"lazy\" decoding=\"async\" src=\"https:\/\/bremsenbrakes.com\/wp-content\/uploads\/2022\/01\/new_car_icon.png\" alt=\"\" width=\"60\" height=\"60\" align=\"left\" hspace=\"4px\" \/><br \/>\nEmp\u00eache la rouille, am\u00e9liorant ainsi l\u2019apparence de votre v\u00e9hicule<\/td>\n<td><img loading=\"lazy\" decoding=\"async\" src=\"https:\/\/bremsenbrakes.com\/wp-content\/uploads\/2022\/01\/pedal_icon.png\" alt=\"\" width=\"60\" height=\"60\" align=\"left\" hspace=\"4px\" \/><br \/>\nPerformance de freinage inalt\u00e9r\u00e9e<\/td>\n<\/tr>\n<tr>\n<td><img loading=\"lazy\" decoding=\"async\" src=\"https:\/\/bremsenbrakes.com\/wp-content\/uploads\/2022\/01\/temp_icon.png\" alt=\"\" width=\"60\" height=\"60\" align=\"left\" hspace=\"4px\" \/><br \/>\nR\u00e9sistant \u00e0 hautes temp\u00e9ratures<\/td>\n<td><img loading=\"lazy\" decoding=\"async\" src=\"https:\/\/bremsenbrakes.com\/wp-content\/uploads\/2022\/01\/eco_icon.png\" alt=\"\" width=\"60\" height=\"60\" align=\"left\" hspace=\"4px\" \/><br \/>\nConscient de l\u2019environnement<\/td>\n<\/tr>\n<\/tbody>\n<\/table>\n<pre><\/pre>\n<p>Il n'est pas gras, forme une couche tr\u00e8s fine et ne compromet pas les performances de freinage. Le rev\u00eatement peut r\u00e9sister \u00e0 des temp\u00e9ratures allant jusqu'\u00e0 400\u00b0C (750\u00b0F), conservant ses qualit\u00e9s protectrices \u00e0 travers les cycles thermiques sans cristallisation ni accumulation de r\u00e9sine organique. En outre, le rev\u00eatement GEOMET\u00ae est respectueux de l'environnement, ne contient pas de chrome et est appliqu\u00e9 dans un syst\u00e8me ferm\u00e9 qui recycle les liquides restants, ce qui en fait un choix durable pour les \u00e9triers de frein haute performance.<\/p>\n\n\t\t<\/div>\n\t<\/div>\n<\/div><\/div><\/div><\/div><div data-vc-full-width=\"true\" data-vc-full-width-temp=\"true\" data-vc-full-width-init=\"false\" class=\"vc_row wpb_row vc_row-fluid vc_custom_1473769871896 vc_row-has-fill\"><div class=\"wpb_column vc_column_container vc_col-sm-12\"><div class=\"vc_column-inner\"><div class=\"wpb_wrapper\"><div class=\"sc_section margin_top_large margin_bottom_huge\" data-animation=\"animated fadeInUp normal\" style=\"max-width: 1030px; margin: auto;\"><div class=\"sc_section_inner\"><h6 class=\"sc_section_subtitle sc_item_subtitle\">Geomet<\/h6><h3 class=\"sc_section_title sc_item_title sc_item_title_without_descr\">\u00c9triers de frein rev\u00eatus<\/h3><div class=\"sc_section_content_wrap\">\n\t<div class=\"wpb_text_column wpb_content_element\" >\n\t\t<div class=\"wpb_wrapper\">\n\t\t\t<div class=\"elementor-element elementor-element-42fc32d elementor-widget elementor-widget-text-editor\" data-id=\"42fc32d\" data-element_type=\"widget\" data-widget_type=\"text-editor.default\">\n<div class=\"elementor-widget-container\">\n<h3 style=\"text-align: center;\"><b>Bulletin technique : <\/b>R\u00e9sultats des essais de performance des \u00e9triers de frein contre la corrosion<\/h3>\n<p style=\"text-align: center;\">Ce bulletin d\u00e9taille les performances de deux \u00e9triers de frein de voiture soumis \u00e0 des essais de corrosion par le biais de l'essai de performance au brouillard salin galvanis\u00e9 ( test 1) et de l'essai de performance au brouillard salin Geomet ( test 2).<\/p>\n<p><img loading=\"lazy\" decoding=\"async\" class=\"aligncenter wp-image-1580\" src=\"https:\/\/bremsenbrakes.com\/wp-content\/uploads\/2025\/05\/tech_bulletin_img.png\" alt=\"\" width=\"650\" height=\"517\" srcset=\"https:\/\/bremsenbrakes.com\/wp-content\/uploads\/2025\/05\/tech_bulletin_img.png 1200w, https:\/\/bremsenbrakes.com\/wp-content\/uploads\/2025\/05\/tech_bulletin_img-300x239.png 300w, https:\/\/bremsenbrakes.com\/wp-content\/uploads\/2025\/05\/tech_bulletin_img-768x612.png 768w, https:\/\/bremsenbrakes.com\/wp-content\/uploads\/2025\/05\/tech_bulletin_img-15x12.png 15w\" sizes=\"auto, (max-width: 650px) 100vw, 650px\" \/><\/p>\n<h4><b>Test 1 - Performance au brouillard salin galvanis\u00e9 :<\/b><\/h4>\n<p>Dans ce test, les exigences comprenaient l'absence de corrosion blanche pendant les 144 premi\u00e8res heures et l'absence de rouille rouge pendant 168 heures. Les r\u00e9sultats ont indiqu\u00e9 une excellente performance initiale, aucune corrosion n'ayant \u00e9t\u00e9 observ\u00e9e jusqu'\u00e0 168 heures, suivie d'une corrosion blanche \u00e0 192 heures et d'une corrosion rouge \u00e0 216 heures. Cependant, une r\u00e9duction significative de la r\u00e9sistance \u00e0 la corrosion a \u00e9t\u00e9 observ\u00e9e \u00e0 696 heures.<\/p>\n<h4><b>Test 2 - Performance au brouillard salin de Geomet :<\/b><\/h4>\n<p>\u00c0 l'inverse, dans ce test, dans des conditions rigoureuses (solution saline \u00e0 5 %, pH 6,5-7,2, temp\u00e9rature ambiante de 35 \u00b0C, chambre \u00e0 pression de 47 \u00b0C, humidit\u00e9 relative de 85 % et pression atmosph\u00e9rique de 1,0 MPa), l'autre \u00e9trier a fait preuve d'une solide r\u00e9sistance \u00e0 la corrosion puisqu'il n'a pr\u00e9sent\u00e9 aucun signe de rouille pendant toute la dur\u00e9e du test, soit 696 heures.<\/p>\n<h4><b>Conclusion:<\/b><\/h4>\n<p>Cette diff\u00e9rence significative de performance souligne les capacit\u00e9s de protection sup\u00e9rieures du traitement Geomet contre la corrosion par rapport \u00e0 la finition galvanis\u00e9e, le test 2 confirmant que l'\u00e9trier pr\u00e9sentait une durabilit\u00e9 remarquable dans les environnements corrosifs.<\/p>\n<\/div>\n<\/div>\n\n\t\t<\/div>\n\t<\/div>\n<\/div><\/div><\/div><\/div><\/div><\/div><\/div><div class=\"vc_row-full-width vc_clearfix\"><\/div><div data-vc-full-width=\"true\" data-vc-full-width-temp=\"true\" data-vc-full-width-init=\"false\" data-vc-parallax=\"1.5\" class=\"vc_row wpb_row vc_row-fluid vc_custom_1637612680409 vc_row-has-fill vc_general vc_parallax vc_parallax-content-moving\"><div class=\"wpb_column vc_column_container vc_col-sm-12\"><div class=\"vc_column-inner vc_custom_1474034924291\"><div class=\"wpb_wrapper\"><div class=\"sc_section margin_top_large margin_bottom_huge aligncenter\" data-animation=\"animated fadeInUp normal\" style=\"max-width: 630px;\"><div class=\"sc_section_inner\"><h6 class=\"sc_section_subtitle sc_item_subtitle\">Plaquettes en c\u00e9ramique<\/h6><h3 class=\"sc_section_title sc_item_title sc_item_title_without_descr\">Le couple parfait<\/h3><div class=\"sc_section_descr sc_item_descr\">Lorsque jumel\u00e9s \u00e0 nos plaquettes de frein premium en c\u00e9ramique, ils offrent un ajustement parfait pour am\u00e9liorer votre efficacit\u00e9 de freinage. Regardez une vid\u00e9o sur comment nos plaquettes sont fabriqu\u00e9es.<\/div><div class=\"sc_section_content_wrap\"><video class=\"sc_video\" src=\"https:\/\/youtube.com\/embed\/e2f8n3fKjxM\" width=\"630\" height=\"350\" data-width=\"630\" data-height=\"350\" data-ratio=\"16:9\" poster=\"http:\/\/i1.ytimg.com\/vi\/e2f8n3fKjxM\/0.jpg\" data-image=\"http:\/\/i1.ytimg.com\/vi\/e2f8n3fKjxM\/0.jpg\" data-class=\"margin_bottom_small\" style=\"width:630px;height:350px;\" autoplay=\"autoplay\" controls=\"controls\" loop=\"loop\"><\/video><\/div><\/div><\/div><\/div><\/div><\/div><\/div><div class=\"vc_row-full-width vc_clearfix\"><\/div>\n<\/div>","protected":false},"excerpt":{"rendered":"","protected":false},"author":1,"featured_media":0,"parent":0,"menu_order":0,"comment_status":"closed","ping_status":"closed","template":"","meta":{"footnotes":""},"class_list":["post-1571","page","type-page","status-publish","hentry"],"aioseo_notices":[],"_links":{"self":[{"href":"http:\/\/bremsenbrakes.com\/fr\/wp-json\/wp\/v2\/pages\/1571","targetHints":{"allow":["GET"]}}],"collection":[{"href":"http:\/\/bremsenbrakes.com\/fr\/wp-json\/wp\/v2\/pages"}],"about":[{"href":"http:\/\/bremsenbrakes.com\/fr\/wp-json\/wp\/v2\/types\/page"}],"author":[{"embeddable":true,"href":"http:\/\/bremsenbrakes.com\/fr\/wp-json\/wp\/v2\/users\/1"}],"replies":[{"embeddable":true,"href":"http:\/\/bremsenbrakes.com\/fr\/wp-json\/wp\/v2\/comments?post=1571"}],"version-history":[{"count":0,"href":"http:\/\/bremsenbrakes.com\/fr\/wp-json\/wp\/v2\/pages\/1571\/revisions"}],"wp:attachment":[{"href":"http:\/\/bremsenbrakes.com\/fr\/wp-json\/wp\/v2\/media?parent=1571"}],"curies":[{"name":"wp","href":"https:\/\/api.w.org\/{rel}","templated":true}]}}