{"id":1307,"date":"2021-11-23T11:19:37","date_gmt":"2021-11-23T16:19:37","guid":{"rendered":"https:\/\/bremsenbrakes.com\/home\/?page_id=1307"},"modified":"2022-01-06T10:15:44","modified_gmt":"2022-01-06T15:15:44","slug":"soelution-hardware","status":"publish","type":"page","link":"http:\/\/bremsenbrakes.com\/fr\/soelution-hardware\/","title":{"rendered":"Quincaillerie Soelution"},"content":{"rendered":"<div class=\"wpb-content-wrapper\"><div data-vc-full-width=\"true\" data-vc-full-width-temp=\"true\" data-vc-full-width-init=\"false\" class=\"vc_row wpb_row vc_row-fluid vc_custom_1637685858017 vc_row-has-fill\"><div class=\"wpb_column vc_column_container vc_col-sm-12\"><div class=\"vc_column-inner\"><div class=\"wpb_wrapper\"><div class=\"sc_section margin_top_large margin_bottom_huge\" data-animation=\"animated fadeInUp normal\" style=\"max-width: 1030px; margin: auto;\"><div class=\"sc_section_inner\"><h6 class=\"sc_section_subtitle sc_item_subtitle\">SOELUTION<\/h6><h3 class=\"sc_section_title sc_item_title sc_item_title_without_descr\">Kits de quincaillerie de frein<\/h3><div class=\"sc_section_content_wrap\"><div class=\"columns_wrap sc_columns columns_nofluid sc_columns_count_2\"><div class=\"column-1_2 sc_column_item sc_column_item_1 odd first\">\n\t<div class=\"wpb_text_column wpb_content_element vc_custom_1637689271190\" >\n\t\t<div class=\"wpb_wrapper\">\n\t\t\t<p><img loading=\"lazy\" decoding=\"async\" class=\"alignnone size-medium wp-image-1312\" src=\"https:\/\/bremsenbrakes.com\/wp-content\/uploads\/2021\/11\/about_sol.jpg\" alt=\"\" width=\"500\" height=\"570\" srcset=\"https:\/\/bremsenbrakes.com\/wp-content\/uploads\/2021\/11\/about_sol.jpg 500w, https:\/\/bremsenbrakes.com\/wp-content\/uploads\/2021\/11\/about_sol-263x300.jpg 263w\" sizes=\"auto, (max-width: 500px) 100vw, 500px\" \/><\/p>\n\n\t\t<\/div>\n\t<\/div>\n<\/div><div class=\"column-1_2 sc_column_item sc_column_item_2 even\"><figure class=\"sc_image  sc_image_shape_square\"><img decoding=\"async\" src=\"https:\/\/bremsenbrakes.com\/wp-content\/uploads\/2021\/11\/about_soelution_2_fr.png\" alt=\"about_sol_2\" \/><\/figure><\/div><\/div><\/div><\/div><\/div><\/div><\/div><\/div><\/div><div class=\"vc_row-full-width vc_clearfix\"><\/div><div data-vc-full-width=\"true\" data-vc-full-width-temp=\"true\" data-vc-full-width-init=\"false\" data-vc-parallax=\"1.5\" class=\"vc_row wpb_row vc_row-fluid vc_custom_1641482139636 vc_row-has-fill vc_general vc_parallax vc_parallax-content-moving\"><div class=\"wpb_column vc_column_container vc_col-sm-12\"><div class=\"vc_column-inner vc_custom_1474034924291\"><div class=\"wpb_wrapper\"><div class=\"sc_section margin_top_large margin_bottom_huge aligncenter\" data-animation=\"animated fadeInUp normal\" style=\"max-width: 630px;\"><div class=\"sc_section_inner\"><h6 class=\"sc_section_subtitle sc_item_subtitle\">KITS DE QUINCAILLERIE DE FREIN<\/h6><h3 class=\"sc_section_title sc_item_title sc_item_title_without_descr\">Le couple parfait<\/h3><div class=\"sc_section_descr sc_item_descr\">Lorsque jumel\u00e9s \u00e0 nos plaquettes de frein premium en c\u00e9ramique, ils offrent un ajustement parfait pour am\u00e9liorer votre efficacit\u00e9 de freinage. Regardez une vid\u00e9o sur comment nos plaquettes sont fabriqu\u00e9es.<\/div><div class=\"sc_section_content_wrap\"><video class=\"sc_video\" src=\"https:\/\/youtube.com\/embed\/e2f8n3fKjxM\" width=\"630\" height=\"350\" data-width=\"630\" data-height=\"350\" data-ratio=\"16:9\" poster=\"http:\/\/i1.ytimg.com\/vi\/e2f8n3fKjxM\/0.jpg\" data-image=\"http:\/\/i1.ytimg.com\/vi\/e2f8n3fKjxM\/0.jpg\" data-class=\"margin_bottom_small\" style=\"width:630px;height:350px;\" autoplay=\"autoplay\" controls=\"controls\" loop=\"loop\"><\/video><\/div><\/div><\/div><\/div><\/div><\/div><\/div><div class=\"vc_row-full-width vc_clearfix\"><\/div>\n<\/div>","protected":false},"excerpt":{"rendered":"SOELUTIONBrake Hardware Kits BRAKE HARDWARE KITSThe Perfect MatchWhen paired with our Bremsen premium ceramic brake pads, they offer a perfect fit to improve your braking efficiency. Watch a video on how our brake pads are manufactured","protected":false},"author":1,"featured_media":0,"parent":0,"menu_order":0,"comment_status":"closed","ping_status":"closed","template":"","meta":{"footnotes":""},"class_list":["post-1307","page","type-page","status-publish","hentry"],"aioseo_notices":[],"_links":{"self":[{"href":"http:\/\/bremsenbrakes.com\/fr\/wp-json\/wp\/v2\/pages\/1307","targetHints":{"allow":["GET"]}}],"collection":[{"href":"http:\/\/bremsenbrakes.com\/fr\/wp-json\/wp\/v2\/pages"}],"about":[{"href":"http:\/\/bremsenbrakes.com\/fr\/wp-json\/wp\/v2\/types\/page"}],"author":[{"embeddable":true,"href":"http:\/\/bremsenbrakes.com\/fr\/wp-json\/wp\/v2\/users\/1"}],"replies":[{"embeddable":true,"href":"http:\/\/bremsenbrakes.com\/fr\/wp-json\/wp\/v2\/comments?post=1307"}],"version-history":[{"count":0,"href":"http:\/\/bremsenbrakes.com\/fr\/wp-json\/wp\/v2\/pages\/1307\/revisions"}],"wp:attachment":[{"href":"http:\/\/bremsenbrakes.com\/fr\/wp-json\/wp\/v2\/media?parent=1307"}],"curies":[{"name":"wp","href":"https:\/\/api.w.org\/{rel}","templated":true}]}}